{"id":604,"date":"2019-07-12T19:44:37","date_gmt":"2019-07-12T17:44:37","guid":{"rendered":"https:\/\/ttbastler.de\/?page_id=604"},"modified":"2020-05-25T23:31:32","modified_gmt":"2020-05-25T21:31:32","slug":"messen-und-zeichnen","status":"publish","type":"page","link":"https:\/\/ttbastler.de\/en\/ttbaas-tabletopbastler-affiliate-shop\/messen-und-zeichnen\/","title":{"rendered":"Messen und Zeichnen"},"content":{"rendered":"\n<p><strong>Amazon Suche<\/strong>         <div class=\"wp-amazon-shop-shortcode-wrapper\">\n            <div id=\"wpas-search-form-container\" class=\"wpas-search-form-container\">\n                <div class=\"wpas-search-input-field\">\n                    <input id=\"wpas-search-input\" class=\"wpas-search-input\" required type=\"text\" name=\"wpas-search-keyword\">\n                    <label for=\"wpas-search-input\">Search amazon products<\/label>\n                <\/div>\n                <button type=\"button\" id=\"wpas-search-btn\"\n                        class=\"wpas-search-btn\">Search<\/button>\n            <\/div>\n            <div class=\"wpas-products-wrapper\" template-\"><\/div>\n            <div class=\"wpas-load-more-wrapper\" style=\"display: none\">\n                <button id=\"wpas-load-more-btn\" class=\"wpas-load-more-btn\" data-keyword=\"\" data-page-num=\"\">Load More <span id=\"wpas-load-more-loader\"><\/span><\/button>\n            <\/div>\n        <\/div>\n        <\/p>\n\n\n\n<section class=\"wp-block-uagb-section uagb-section__wrap uagb-section__background-undefined\" id=\"uagb-section-179e7850-ef6a-4357-8190-bbdcc19fa4fa\"><div class=\"uagb-section__overlay\"><\/div><div class=\"uagb-section__inner-wrap\">\n<hr class=\"wp-block-separator is-style-wide\"\/>\n\n\n\n<p style=\"text-align:center\" class=\"ttbas-navi\"><a href=\"#lineale\"><img data-recalc-dims=\"1\" decoding=\"async\" width=\"25\" height=\"25\" class=\"wp-image-608\" style=\"width: 25px;\" src=\"https:\/\/i0.wp.com\/ttbastler.de\/wp-content\/uploads\/2019\/07\/stahllineale_50x50.jpg?resize=25%2C25&#038;ssl=1\" alt=\"\">Lineale<\/a> | <a href=\"#bleistifte\"><img data-recalc-dims=\"1\" decoding=\"async\" width=\"28\" height=\"25\" class=\"wp-image-621\" style=\"width: 28px;\" src=\"https:\/\/i0.wp.com\/ttbastler.de\/wp-content\/uploads\/2019\/07\/bleistifte_55x50.jpg?resize=28%2C25&#038;ssl=1\" alt=\"\">Bleistifte<\/a><a href=\"#dekupiersaegen\"><\/a><\/p>\n\n\n\n<hr class=\"wp-block-separator is-style-wide\"\/>\n\n\n\n<p><\/p>\n<\/div><\/section>\n\n\n\n<div class=\"wp-block-uagb-advanced-heading uagb-block-7dc3c721-81e8-4271-9b7a-5a32e95a8331\" id=\"uagb-adv-heading-43d46c36-accd-48dd-990d-d4a4b09ae1a9\"><h3 class=\"uagb-heading-text\" id=\"lineale\"><img data-recalc-dims=\"1\" decoding=\"async\" width=\"50\" height=\"50\" class=\"wp-image-608\" style=\"width: 50px;\" src=\"https:\/\/i0.wp.com\/ttbastler.de\/wp-content\/uploads\/2019\/07\/stahllineale_50x50.jpg?resize=50%2C50&#038;ssl=1\" alt=\"\">Lineale<\/h3><div class=\"uagb-separator-wrap\"><div class=\"uagb-separator\"><\/div><\/div><p class=\"uagb-desc-text\">Immer muss man irgendwas messen. Dazu braucht man mindestens ein Lineal. Weil im Tabletop vieles in Zoll angegeben wird, sollte ein Lineal eine cm und eine Zoll Skala haben. Besser ist das. \ud83d\ude09 <br>F\u00fcr exakte Winkel und parallele Linien eignet sich ein Geodreieck. Um schnell und einfach Rechte Winkel zu messen und zeichnen, sollte man einen entsprechenden Winkel haben, der idealerweise u.a. auch eine Zoll Skala hat.<br>Ich benutze meistens Stahllineale, ein Geodreieck und den besagten Winkel.<\/p><\/div>\n\n\n\n<div class=\"wp-block-columns has-4-columns amazon_shop_items_row is-layout-flex wp-container-core-columns-is-layout-9d6595d7 wp-block-columns-is-layout-flex\">\n<div class=\"wp-block-column is-layout-flow wp-block-column-is-layout-flow\">\n<\/div>\n\n\n\n<div class=\"wp-block-column is-layout-flow wp-block-column-is-layout-flow\">\n<\/div>\n\n\n\n<div class=\"wp-block-column is-layout-flow wp-block-column-is-layout-flow\">\n<\/div>\n<\/div>\n\n\n\n<section class=\"wp-block-uagb-section uagb-section__wrap uagb-section__background-undefined\" id=\"uagb-section-179e7850-ef6a-4357-8190-bbdcc19fa4fa\"><div class=\"uagb-section__overlay\"><\/div><div class=\"uagb-section__inner-wrap\">\n<hr class=\"wp-block-separator is-style-wide\"\/>\n\n\n\n<p style=\"text-align:center\" class=\"ttbas-navi\"><a href=\"#lineale\"><img data-recalc-dims=\"1\" decoding=\"async\" width=\"25\" height=\"25\" class=\"wp-image-608\" style=\"width: 25px;\" src=\"https:\/\/i0.wp.com\/ttbastler.de\/wp-content\/uploads\/2019\/07\/stahllineale_50x50.jpg?resize=25%2C25&#038;ssl=1\" alt=\"\">Lineale<\/a> | <a href=\"#bleistifte\"><img data-recalc-dims=\"1\" decoding=\"async\" width=\"28\" height=\"25\" class=\"wp-image-621\" style=\"width: 28px;\" src=\"https:\/\/i0.wp.com\/ttbastler.de\/wp-content\/uploads\/2019\/07\/bleistifte_55x50.jpg?resize=28%2C25&#038;ssl=1\" alt=\"\">Bleistifte<\/a><a href=\"#dekupiersaegen\"><\/a><\/p>\n\n\n\n<hr class=\"wp-block-separator is-style-wide\"\/>\n\n\n\n<p><\/p>\n<\/div><\/section>\n\n\n\n<div class=\"wp-block-uagb-advanced-heading uagb-block-3a7cba14-37e9-4cdb-8cb7-938185caa22a\" id=\"uagb-adv-heading-1b7afff0-6179-4ab9-b4e7-1ae63bb165e8\"><h3 class=\"uagb-heading-text\" id=\"bleistifte\"><img data-recalc-dims=\"1\" loading=\"lazy\" decoding=\"async\" width=\"55\" height=\"50\" class=\"wp-image-621\" style=\"width: 55px;\" src=\"https:\/\/i0.wp.com\/ttbastler.de\/wp-content\/uploads\/2019\/07\/bleistifte_55x50.jpg?resize=55%2C50&#038;ssl=1\" alt=\"\">Bleistifte<\/h3><div class=\"uagb-separator-wrap\"><div class=\"uagb-separator\"><\/div><\/div><p class=\"uagb-desc-text\">Bleistifte sind nicht nur zum Zeichnen gut, sie dienen auch als Werkzeug z.B. beim Erzeugen der Fugen einer Ziegelwand. Ich habe einen ganzen Haufen unterschiedlicher H\u00e4rten und Dicken davon hier rumliegen. Dazu braucht man nat\u00fcrlich auch Radiergummi und Anspitzer. Alle Teile gibt es in unterschiedlichen Packungsgr\u00f6\u00dfen. Anspitzer gibt es von ganz einfach Old School bis hin zu hochmodernen Ger\u00e4ten mit USB Anschluss. <br>Ich habe Stifte, Radierer und Anspitzer von Faber.<\/p><\/div>\n\n\n\n<div class=\"wp-block-columns has-4-columns amazon_shop_items_row is-layout-flex wp-container-core-columns-is-layout-9d6595d7 wp-block-columns-is-layout-flex\">\n<div class=\"wp-block-column is-layout-flow wp-block-column-is-layout-flow\">\n<\/div>\n\n\n\n<div class=\"wp-block-column is-layout-flow wp-block-column-is-layout-flow\">\n<\/div>\n\n\n\n<div class=\"wp-block-column is-layout-flow wp-block-column-is-layout-flow\">\n<\/div>\n<\/div>\n\n\n\n<div class=\"wp-block-columns has-4-columns amazon_shop_items_row is-layout-flex wp-container-core-columns-is-layout-9d6595d7 wp-block-columns-is-layout-flex\">\n<div class=\"wp-block-column is-layout-flow wp-block-column-is-layout-flow\">\n<\/div>\n\n\n\n<div class=\"wp-block-column is-layout-flow wp-block-column-is-layout-flow\">\n<\/div>\n\n\n\n<div class=\"wp-block-column is-layout-flow wp-block-column-is-layout-flow\">\n<\/div>\n<\/div>\n\n\n\n<div class=\"wp-block-columns has-4-columns amazon_shop_items_row is-layout-flex wp-container-core-columns-is-layout-9d6595d7 wp-block-columns-is-layout-flex\">\n<div class=\"wp-block-column is-layout-flow wp-block-column-is-layout-flow\">\n<\/div>\n\n\n\n<div class=\"wp-block-column is-layout-flow wp-block-column-is-layout-flow\">\n<\/div>\n\n\n\n<div class=\"wp-block-column is-layout-flow wp-block-column-is-layout-flow\">\n<\/div>\n<\/div>\n\n\n\n<section class=\"wp-block-uagb-section uagb-section__wrap uagb-section__background-undefined\" id=\"uagb-section-179e7850-ef6a-4357-8190-bbdcc19fa4fa\"><div class=\"uagb-section__overlay\"><\/div><div class=\"uagb-section__inner-wrap\">\n<hr class=\"wp-block-separator is-style-wide\"\/>\n\n\n\n<p style=\"text-align:center\" class=\"ttbas-navi\"><a href=\"#lineale\"><img data-recalc-dims=\"1\" decoding=\"async\" width=\"25\" height=\"25\" class=\"wp-image-608\" style=\"width: 25px;\" src=\"https:\/\/i0.wp.com\/ttbastler.de\/wp-content\/uploads\/2019\/07\/stahllineale_50x50.jpg?resize=25%2C25&#038;ssl=1\" alt=\"\">Lineale<\/a> | <a href=\"#bleistifte\"><img data-recalc-dims=\"1\" decoding=\"async\" width=\"28\" height=\"25\" class=\"wp-image-621\" style=\"width: 28px;\" src=\"https:\/\/i0.wp.com\/ttbastler.de\/wp-content\/uploads\/2019\/07\/bleistifte_55x50.jpg?resize=28%2C25&#038;ssl=1\" alt=\"\">Bleistifte<\/a><a href=\"#dekupiersaegen\"><\/a><\/p>\n\n\n\n<hr class=\"wp-block-separator is-style-wide\"\/>\n\n\n\n<p><\/p>\n<\/div><\/section>\n\n\n\n<div class=\"wp-block-columns has-2-columns is-layout-flex wp-container-core-columns-is-layout-9d6595d7 wp-block-columns-is-layout-flex\">\n<div class=\"wp-block-column is-layout-flow wp-block-column-is-layout-flow\">\n<p><\/p>\n<\/div>\n\n\n\n<div class=\"wp-block-column is-layout-flow wp-block-column-is-layout-flow\"><\/div>\n<\/div>\n\n\n\n<p><\/p>\n","protected":false},"excerpt":{"rendered":"<p>Lineale Immer muss man irgendwas messen. Dazu braucht man mindestens ein Lineal. Weil im Tabletop vieles in Zoll angegeben wird,<\/p>\n<div class='the_champ_sharing_container the_champ_vertical_sharing the_champ_hide_sharing the_champ_bottom_sharing' style='width:44px;left: -10px;top: 100px;-webkit-box-shadow:none;box-shadow:none;' data-super-socializer-href=\"https:\/\/ttbastler.de\/en\/wp-json\/wp\/v2\/pages\/604\"><div class=\"the_champ_sharing_ul\"><a aria-label=\"Facebook\" class=\"the_champ_facebook\" href=\"https:\/\/www.facebook.com\/sharer\/sharer.php?u=https%3A%2F%2Fttbastler.de%2Fen%2Fwp-json%2Fwp%2Fv2%2Fpages%2F604\" title=\"Facebook\" rel=\"nofollow noopener\" target=\"_blank\" style=\"font-size:24px!important;box-shadow:none;display:inline-block;vertical-align:middle\"><span class=\"the_champ_svg\" style=\"background-color:#0765FE;width:40px;height:40px;margin:0;display:inline-block;opacity:1;float:left;font-size:24px;box-shadow:none;display:inline-block;font-size:16px;padding:0 4px;vertical-align:middle;background-repeat:repeat;overflow:hidden;padding:0;cursor:pointer;box-sizing:content-box\"><svg style=\"display:block;\" focusable=\"false\" aria-hidden=\"true\" xmlns=\"http:\/\/www.w3.org\/2000\/svg\" width=\"100%\" height=\"100%\" viewBox=\"0 0 32 32\"><path fill=\"#fff\" d=\"M28 16c0-6.627-5.373-12-12-12S4 9.373 4 16c0 5.628 3.875 10.35 9.101 11.647v-7.98h-2.474V16H13.1v-1.58c0-4.085 1.849-5.978 5.859-5.978.76 0 2.072.15 2.608.298v3.325c-.283-.03-.775-.045-1.386-.045-1.967 0-2.728.745-2.728 2.683V16h3.92l-.673 3.667h-3.247v8.245C23.395 27.195 28 22.135 28 16Z\"><\/path><\/svg><\/span><\/a><a aria-label=\"Twitter\" class=\"the_champ_button_twitter\" href=\"https:\/\/twitter.com\/intent\/tweet?text=Der%20Tabletopbastler%20-%20&url=https%3A%2F%2Fttbastler.de%2Fen%2Fwp-json%2Fwp%2Fv2%2Fpages%2F604\" title=\"Twitter\" rel=\"nofollow noopener\" target=\"_blank\" style=\"font-size:24px!important;box-shadow:none;display:inline-block;vertical-align:middle\"><span class=\"the_champ_svg the_champ_s__default the_champ_s_twitter\" style=\"background-color:#55acee;width:40px;height:40px;margin:0;display:inline-block;opacity:1;float:left;font-size:24px;box-shadow:none;display:inline-block;font-size:16px;padding:0 4px;vertical-align:middle;background-repeat:repeat;overflow:hidden;padding:0;cursor:pointer;box-sizing:content-box\"><svg style=\"display:block;\" focusable=\"false\" aria-hidden=\"true\" xmlns=\"http:\/\/www.w3.org\/2000\/svg\" width=\"100%\" height=\"100%\" viewBox=\"-4 -4 39 39\"><path d=\"M28 8.557a9.913 9.913 0 0 1-2.828.775 4.93 4.93 0 0 0 2.166-2.725 9.738 9.738 0 0 1-3.13 1.194 4.92 4.92 0 0 0-3.593-1.55 4.924 4.924 0 0 0-4.794 6.049c-4.09-.21-7.72-2.17-10.15-5.15a4.942 4.942 0 0 0-.665 2.477c0 1.71.87 3.214 2.19 4.1a4.968 4.968 0 0 1-2.23-.616v.06c0 2.39 1.7 4.38 3.952 4.83-.414.115-.85.174-1.297.174-.318 0-.626-.03-.928-.086a4.935 4.935 0 0 0 4.6 3.42 9.893 9.893 0 0 1-6.114 2.107c-.398 0-.79-.023-1.175-.068a13.953 13.953 0 0 0 7.55 2.213c9.056 0 14.01-7.507 14.01-14.013 0-.213-.005-.426-.015-.637.96-.695 1.795-1.56 2.455-2.55z\" fill=\"#fff\"><\/path><\/svg><\/span><\/a><a aria-label=\"Facebook Messenger\" class=\"the_champ_button_facebook_messenger\" title=\"Facebook Messenger\" href=\"https:\/\/ttbastler.de\/en\/wp-json\/wp\/v2\/pages\/604\" onclick='event.preventDefault();theChampPopup(\"https:\/\/www.facebook.com\/dialog\/send?app_id=874049213811703&display=popup&link=https%3A%2F%2Fttbastler.de%2Fen%2Fwp-json%2Fwp%2Fv2%2Fpages%2F604&redirect_uri=https%3A%2F%2Fttbastler.de%2Fen%2Fwp-json%2Fwp%2Fv2%2Fpages%2F604\")' style=\"font-size:24px!important;box-shadow:none;display:inline-block;vertical-align:middle\"><span class=\"the_champ_svg the_champ_s__default the_champ_s_facebook_messenger\" style=\"background-color:#0084ff;width:40px;height:40px;margin:0;display:inline-block;opacity:1;float:left;font-size:24px;box-shadow:none;display:inline-block;font-size:16px;padding:0 4px;vertical-align:middle;background-repeat:repeat;overflow:hidden;padding:0;cursor:pointer;box-sizing:content-box\"><svg style=\"display:block;\" focusable=\"false\" aria-hidden=\"true\" xmlns=\"http:\/\/www.w3.org\/2000\/svg\" width=\"100%\" height=\"100%\" viewBox=\"-2 -2 36 36\"><path fill=\"#fff\" d=\"M16 5C9.986 5 5.11 9.56 5.11 15.182c0 3.2 1.58 6.054 4.046 7.92V27l3.716-2.06c.99.276 2.04.425 3.128.425 6.014 0 10.89-4.56 10.89-10.183S22.013 5 16 5zm1.147 13.655L14.33 15.73l-5.423 3 5.946-6.31 2.816 2.925 5.42-3-5.946 6.31z\"\/><\/svg><\/span><\/a><a aria-label=\"Whatsapp\" class=\"the_champ_whatsapp\" href=\"https:\/\/api.whatsapp.com\/send?text=Der%20Tabletopbastler%20-%20 https%3A%2F%2Fttbastler.de%2Fen%2Fwp-json%2Fwp%2Fv2%2Fpages%2F604\" title=\"Whatsapp\" rel=\"nofollow noopener\" target=\"_blank\" style=\"font-size:24px!important;box-shadow:none;display:inline-block;vertical-align:middle\"><span class=\"the_champ_svg\" style=\"background-color:#55eb4c;width:40px;height:40px;margin:0;display:inline-block;opacity:1;float:left;font-size:24px;box-shadow:none;display:inline-block;font-size:16px;padding:0 4px;vertical-align:middle;background-repeat:repeat;overflow:hidden;padding:0;cursor:pointer;box-sizing:content-box\"><svg style=\"display:block;\" focusable=\"false\" aria-hidden=\"true\" xmlns=\"http:\/\/www.w3.org\/2000\/svg\" width=\"100%\" height=\"100%\" viewBox=\"-6 -5 40 40\"><path class=\"the_champ_svg_stroke the_champ_no_fill\" stroke=\"#fff\" stroke-width=\"2\" fill=\"none\" d=\"M 11.579798566743314 24.396926207859085 A 10 10 0 1 0 6.808479557110079 20.73576436351046\"><\/path><path d=\"M 7 19 l -1 6 l 6 -1\" class=\"the_champ_no_fill the_champ_svg_stroke\" stroke=\"#fff\" stroke-width=\"2\" fill=\"none\"><\/path><path d=\"M 10 10 q -1 8 8 11 c 5 -1 0 -6 -1 -3 q -4 -3 -5 -5 c 4 -2 -1 -5 -1 -4\" fill=\"#fff\"><\/path><\/svg><\/span><\/a><a aria-label=\"Telegram\" class=\"the_champ_button_telegram\" href=\"https:\/\/telegram.me\/share\/url?url=https%3A%2F%2Fttbastler.de%2Fen%2Fwp-json%2Fwp%2Fv2%2Fpages%2F604&text=Der%20Tabletopbastler%20-%20\" title=\"Telegram\" rel=\"nofollow noopener\" target=\"_blank\" style=\"font-size:24px!important;box-shadow:none;display:inline-block;vertical-align:middle\"><span class=\"the_champ_svg the_champ_s__default the_champ_s_telegram\" style=\"background-color:#3da5f1;width:40px;height:40px;margin:0;display:inline-block;opacity:1;float:left;font-size:24px;box-shadow:none;display:inline-block;font-size:16px;padding:0 4px;vertical-align:middle;background-repeat:repeat;overflow:hidden;padding:0;cursor:pointer;box-sizing:content-box\"><svg style=\"display:block;\" focusable=\"false\" aria-hidden=\"true\" xmlns=\"http:\/\/www.w3.org\/2000\/svg\" width=\"100%\" height=\"100%\" viewBox=\"0 0 32 32\"><path fill=\"#fff\" d=\"M25.515 6.896L6.027 14.41c-1.33.534-1.322 1.276-.243 1.606l5 1.56 1.72 5.66c.226.625.115.873.77.873.506 0 .73-.235 1.012-.51l2.43-2.363 5.056 3.734c.93.514 1.602.25 1.834-.863l3.32-15.638c.338-1.363-.52-1.98-1.41-1.577z\"><\/path><\/svg><\/span><\/a><a aria-label=\"Skype\" class=\"the_champ_button_skype\" href=\"https:\/\/web.skype.com\/share?url=https%3A%2F%2Fttbastler.de%2Fen%2Fwp-json%2Fwp%2Fv2%2Fpages%2F604\" title=\"Skype\" rel=\"nofollow noopener\" target=\"_blank\" style=\"font-size:24px!important;box-shadow:none;display:inline-block;vertical-align:middle\"><span class=\"the_champ_svg the_champ_s__default the_champ_s_skype\" style=\"background-color:#00aff0;width:40px;height:40px;margin:0;display:inline-block;opacity:1;float:left;font-size:24px;box-shadow:none;display:inline-block;font-size:16px;padding:0 4px;vertical-align:middle;background-repeat:repeat;overflow:hidden;padding:0;cursor:pointer;box-sizing:content-box\"><svg style=\"display:block;\" focusable=\"false\" aria-hidden=\"true\" xmlns=\"http:\/\/www.w3.org\/2000\/svg\" width=\"100%\" height=\"100%\" viewBox=\"0 0 32 32\"><path fill=\"#fff\" d=\"M27.15 18c-.007.04-.012.084-.02.126l-.04-.24.06.113c.124-.678.19-1.37.19-2.06 0-1.53-.3-3.013-.892-4.41a11.273 11.273 0 0 0-2.43-3.602 11.288 11.288 0 0 0-8.012-3.32c-.72 0-1.443.068-2.146.203h-.005c.04.023.08.04.118.063l-.238-.037c.04-.01.08-.018.12-.026a6.717 6.717 0 0 0-3.146-.787 6.67 6.67 0 0 0-4.748 1.965A6.7 6.7 0 0 0 4 10.738c0 1.14.293 2.262.844 3.253.007-.04.012-.08.02-.12l.04.238-.06-.114c-.112.643-.17 1.3-.17 1.954a11.285 11.285 0 0 0 3.32 8.012c1.04 1.04 2.25 1.86 3.602 2.43 1.397.592 2.882.89 4.412.89.666 0 1.334-.06 1.985-.175-.038-.02-.077-.04-.116-.063l.242.04c-.046.01-.088.015-.13.02a6.68 6.68 0 0 0 3.3.87 6.661 6.661 0 0 0 4.743-1.963A6.666 6.666 0 0 0 28 21.26c0-1.145-.295-2.27-.85-3.264zm-11.098 4.885c-4.027 0-5.828-1.98-5.828-3.463 0-.76.562-1.294 1.336-1.294 1.723 0 1.277 2.474 4.49 2.474 1.647 0 2.556-.893 2.556-1.808 0-.55-.27-1.16-1.355-1.426l-3.58-.895c-2.88-.723-3.405-2.282-3.405-3.748 0-3.043 2.865-4.186 5.556-4.186 2.478 0 5.4 1.37 5.4 3.192 0 .783-.677 1.237-1.45 1.237-1.472 0-1.2-2.035-4.163-2.035-1.47 0-2.285.666-2.285 1.618 0 .95 1.16 1.254 2.17 1.484l2.65.587c2.905.647 3.64 2.342 3.64 3.94 0 2.47-1.895 4.318-5.726 4.318z\"><\/path><\/svg><\/span><\/a><a aria-label=\"Diaspora\" class=\"the_champ_button_diaspora\" href=\"https:\/\/joindiaspora.com\/bookmarklet?url=https%3A%2F%2Fttbastler.de%2Fen%2Fwp-json%2Fwp%2Fv2%2Fpages%2F604&title=Der%20Tabletopbastler%20-%20&v=1&\" title=\"Diaspora\" rel=\"nofollow noopener\" target=\"_blank\" style=\"font-size:24px!important;box-shadow:none;display:inline-block;vertical-align:middle\"><span class=\"the_champ_svg the_champ_s__default the_champ_s_diaspora\" style=\"background-color:#2e3436;width:40px;height:40px;margin:0;display:inline-block;opacity:1;float:left;font-size:24px;box-shadow:none;display:inline-block;font-size:16px;padding:0 4px;vertical-align:middle;background-repeat:repeat;overflow:hidden;padding:0;cursor:pointer;box-sizing:content-box\"><svg style=\"display:block;\" focusable=\"false\" aria-hidden=\"true\" xmlns=\"http:\/\/www.w3.org\/2000\/svg\" width=\"100%\" height=\"100%\" viewBox=\"-1 -1 34 34\"><path fill=\"#fff\" d=\"M13.498 6.49v6.258l-5.953-1.933L6 15.57l5.95 1.934-3.677 5.063 4.046 2.942L16 20.44l3.68 5.064 4.047-2.943L20.05 17.5 26 15.57l-1.545-4.755-5.953 1.933V6.49h-5.004z\"\/><\/svg><\/span><\/a><a aria-label=\"MeWe\" class=\"the_champ_MeWe\" href=\"https:\/\/mewe.com\/share?link=https%3A%2F%2Fttbastler.de%2Fen%2Fwp-json%2Fwp%2Fv2%2Fpages%2F604\" title=\"MeWe\" rel=\"nofollow noopener\" target=\"_blank\" style=\"font-size:24px!important;box-shadow:none;display:inline-block;vertical-align:middle\"><span class=\"the_champ_svg\" style=\"background-color:#007da1;width:40px;height:40px;margin:0;display:inline-block;opacity:1;float:left;font-size:24px;box-shadow:none;display:inline-block;font-size:16px;padding:0 4px;vertical-align:middle;background-repeat:repeat;overflow:hidden;padding:0;cursor:pointer;box-sizing:content-box\"><svg style=\"display:block;\" focusable=\"false\" aria-hidden=\"true\" xmlns=\"http:\/\/www.w3.org\/2000\/svg\" width=\"100%\" height=\"100%\" viewBox=\"-4 -3 38 38\"><g fill=\"#fff\"><path d=\"M9.636 10.427a1.22 1.22 0 1 1-2.44 0 1.22 1.22 0 1 1 2.44 0zM15.574 10.431a1.22 1.22 0 0 1-2.438 0 1.22 1.22 0 1 1 2.438 0zM22.592 10.431a1.221 1.221 0 1 1-2.443 0 1.221 1.221 0 0 1 2.443 0zM29.605 10.431a1.221 1.221 0 1 1-2.442 0 1.221 1.221 0 0 1 2.442 0zM3.605 13.772c0-.471.374-.859.859-.859h.18c.374 0 .624.194.789.457l2.935 4.597 2.95-4.611c.18-.291.43-.443.774-.443h.18c.485 0 .859.387.859.859v8.113a.843.843 0 0 1-.859.845.857.857 0 0 1-.845-.845V16.07l-2.366 3.559c-.18.276-.402.443-.72.443-.304 0-.526-.167-.706-.443l-2.354-3.53V21.9c0 .471-.374.83-.845.83a.815.815 0 0 1-.83-.83v-8.128h-.001zM14.396 14.055a.9.9 0 0 1-.069-.333c0-.471.402-.83.872-.83.415 0 .735.263.845.624l2.23 6.66 2.187-6.632c.139-.402.428-.678.859-.678h.124c.428 0 .735.278.859.678l2.187 6.632 2.23-6.675c.126-.346.415-.609.83-.609.457 0 .845.361.845.817a.96.96 0 0 1-.083.346l-2.867 8.032c-.152.43-.471.706-.887.706h-.165c-.415 0-.721-.263-.872-.706l-2.161-6.328-2.16 6.328c-.152.443-.47.706-.887.706h-.165c-.415 0-.72-.263-.887-.706l-2.865-8.032z\"><\/path><\/g><\/svg><\/span><\/a><a aria-label=\"Reddit\" class=\"the_champ_button_reddit\" href=\"https:\/\/reddit.com\/submit?url=https%3A%2F%2Fttbastler.de%2Fen%2Fwp-json%2Fwp%2Fv2%2Fpages%2F604&title=Der%20Tabletopbastler%20-%20\" title=\"Reddit\" rel=\"nofollow noopener\" target=\"_blank\" style=\"font-size:24px!important;box-shadow:none;display:inline-block;vertical-align:middle\"><span class=\"the_champ_svg the_champ_s__default the_champ_s_reddit\" style=\"background-color:#ff5700;width:40px;height:40px;margin:0;display:inline-block;opacity:1;float:left;font-size:24px;box-shadow:none;display:inline-block;font-size:16px;padding:0 4px;vertical-align:middle;background-repeat:repeat;overflow:hidden;padding:0;cursor:pointer;box-sizing:content-box\"><svg style=\"display:block;\" focusable=\"false\" aria-hidden=\"true\" xmlns=\"http:\/\/www.w3.org\/2000\/svg\" width=\"100%\" height=\"100%\" viewBox=\"-3.5 -3.5 39 39\"><path d=\"M28.543 15.774a2.953 2.953 0 0 0-2.951-2.949 2.882 2.882 0 0 0-1.9.713 14.075 14.075 0 0 0-6.85-2.044l1.38-4.349 3.768.884a2.452 2.452 0 1 0 .24-1.176l-4.274-1a.6.6 0 0 0-.709.4l-1.659 5.224a14.314 14.314 0 0 0-7.316 2.029 2.908 2.908 0 0 0-1.872-.681 2.942 2.942 0 0 0-1.618 5.4 5.109 5.109 0 0 0-.062.765c0 4.158 5.037 7.541 11.229 7.541s11.22-3.383 11.22-7.541a5.2 5.2 0 0 0-.053-.706 2.963 2.963 0 0 0 1.427-2.51zm-18.008 1.88a1.753 1.753 0 0 1 1.73-1.74 1.73 1.73 0 0 1 1.709 1.74 1.709 1.709 0 0 1-1.709 1.711 1.733 1.733 0 0 1-1.73-1.711zm9.565 4.968a5.573 5.573 0 0 1-4.081 1.272h-.032a5.576 5.576 0 0 1-4.087-1.272.6.6 0 0 1 .844-.854 4.5 4.5 0 0 0 3.238.927h.032a4.5 4.5 0 0 0 3.237-.927.6.6 0 1 1 .844.854zm-.331-3.256a1.726 1.726 0 1 1 1.709-1.712 1.717 1.717 0 0 1-1.712 1.712z\" fill=\"#fff\"\/><\/svg><\/span><\/a><a aria-label=\"Google Classroom\" class=\"the_champ_button_google_bookmarks\" href=\"https:\/\/www.google.com\/bookmarks\/mark?op=edit&bkmk=https%3A%2F%2Fttbastler.de%2Fen%2Fwp-json%2Fwp%2Fv2%2Fpages%2F604&title=Der%20Tabletopbastler%20-%20&annotation=\" title=\"Google Bookmarks\" rel=\"nofollow noopener\" target=\"_blank\" style=\"font-size:24px!important;box-shadow:none;display:inline-block;vertical-align:middle\"><span class=\"the_champ_svg the_champ_s__default the_champ_s_Google_Bookmarks\" style=\"background-color:#cb0909;width:40px;height:40px;margin:0;display:inline-block;opacity:1;float:left;font-size:24px;box-shadow:none;display:inline-block;font-size:16px;padding:0 4px;vertical-align:middle;background-repeat:repeat;overflow:hidden;padding:0;cursor:pointer;box-sizing:content-box\"><svg style=\"display:block;\" focusable=\"false\" aria-hidden=\"true\" xmlns=\"http:\/\/www.w3.org\/2000\/svg\" width=\"100%\" height=\"100%\" viewBox=\"-2 10 80 80\"><path d=\"M 51.22877660575707 38.19080770219705 A 17 17 0 1 0 56 50.00000000000001 h -17\" stroke=\"#fff\" class=\"the_champ_svg_stroke the_champ_no_fill\" stroke-width=\"8\" fill=\"none\"><\/path><\/svg><\/span><\/a><a class=\"the_champ_more\" title=\"More\" rel=\"nofollow noopener\" style=\"font-size:24px!important;border:0;box-shadow:none;display:inline-block!important;font-size:16px;padding:0 4px;vertical-align: middle;display:inline;\" href=\"https:\/\/ttbastler.de\/en\/wp-json\/wp\/v2\/pages\/604\" onclick=\"event.preventDefault()\"><span class=\"the_champ_svg\" style=\"background-color:#ee8e2d;width:40px;height:40px;margin:0;display:inline-block!important;opacity:1;float:left;font-size:32px!important;box-shadow:none;display:inline-block;font-size:16px;padding:0 4px;vertical-align:middle;display:inline;background-repeat:repeat;overflow:hidden;padding:0;cursor:pointer;box-sizing:content-box;\" onclick=\"theChampMoreSharingPopup(this, 'https:\/\/ttbastler.de\/en\/wp-json\/wp\/v2\/pages\/604', 'Der%20Tabletopbastler%20-%20', '' )\"><svg xmlns=\"http:\/\/www.w3.org\/2000\/svg\" xmlns:xlink=\"http:\/\/www.w3.org\/1999\/xlink\" viewBox=\"-.3 0 32 32\" version=\"1.1\" width=\"100%\" height=\"100%\" style=\"display:block;\" xml:space=\"preserve\"><g><path fill=\"#fff\" d=\"M18 14V8h-4v6H8v4h6v6h4v-6h6v-4h-6z\" fill-rule=\"evenodd\"><\/path><\/g><\/svg><\/span><\/a><\/div><\/div>","protected":false},"author":1,"featured_media":0,"parent":434,"menu_order":1,"comment_status":"closed","ping_status":"closed","template":"template-fullwidth.php","meta":{"_uag_custom_page_level_css":"","jetpack_post_was_ever_published":false,"footnotes":""},"class_list":["post-604","page","type-page","status-publish","hentry"],"uagb_featured_image_src":{"full":false,"thumbnail":false,"medium":false,"medium_large":false,"large":false,"1536x1536":false,"2048x2048":false,"post-thumbnail":false,"wellington-slider-image":false,"wellington-thumbnail-small":false,"wellington-thumbnail-medium":false,"wellington-thumbnail-large":false,"tzwb-thumbnail":false},"uagb_author_info":{"display_name":"Tabletopbastler","author_link":"https:\/\/ttbastler.de\/en\/author\/pliebetrau\/"},"uagb_comment_info":0,"uagb_excerpt":"Lineale Immer muss man irgendwas messen. Dazu braucht man mindestens ein Lineal. Weil im Tabletop vieles in Zoll angegeben wird,","jetpack_sharing_enabled":true,"jetpack_shortlink":"https:\/\/wp.me\/PaUpWP-9K","jetpack-related-posts":[],"_links":{"self":[{"href":"https:\/\/ttbastler.de\/en\/wp-json\/wp\/v2\/pages\/604","targetHints":{"allow":["GET"]}}],"collection":[{"href":"https:\/\/ttbastler.de\/en\/wp-json\/wp\/v2\/pages"}],"about":[{"href":"https:\/\/ttbastler.de\/en\/wp-json\/wp\/v2\/types\/page"}],"author":[{"embeddable":true,"href":"https:\/\/ttbastler.de\/en\/wp-json\/wp\/v2\/users\/1"}],"replies":[{"embeddable":true,"href":"https:\/\/ttbastler.de\/en\/wp-json\/wp\/v2\/comments?post=604"}],"version-history":[{"count":16,"href":"https:\/\/ttbastler.de\/en\/wp-json\/wp\/v2\/pages\/604\/revisions"}],"predecessor-version":[{"id":1143,"href":"https:\/\/ttbastler.de\/en\/wp-json\/wp\/v2\/pages\/604\/revisions\/1143"}],"up":[{"embeddable":true,"href":"https:\/\/ttbastler.de\/en\/wp-json\/wp\/v2\/pages\/434"}],"wp:attachment":[{"href":"https:\/\/ttbastler.de\/en\/wp-json\/wp\/v2\/media?parent=604"}],"curies":[{"name":"wp","href":"https:\/\/api.w.org\/{rel}","templated":true}]}}